{"id":21,"date":"2016-12-06T11:03:59","date_gmt":"2016-12-06T11:03:59","guid":{"rendered":"http:\/\/igpcontrol.com\/?page_id=21"},"modified":"2026-01-25T14:38:13","modified_gmt":"2026-01-25T14:38:13","slug":"empresa","status":"publish","type":"page","link":"https:\/\/igpcontrol.com\/ca\/empresa\/","title":{"rendered":"Empresa"},"content":{"rendered":"<div id=\"\" class=\" magee-shortcode magee-row row\">\n<div id=\"\" class=\" magee-shortcode magee-row row\"><\/div><div class=\" magee-shortcode magee-column col-md-8\" id=\"\" style=\"text-align:;\">\n<p style=\"text-align: justify;\">Som una empresa amb una traject\u00f2ria de m\u00e9s de 10 anys en el sector serveis, sent un referent actual del mercat nacional.<\/p>\n<p style=\"text-align: justify;\">L&#8217;objectiu d&#8217;IGP CONTROL \u00e9s el de proporcionar un servei global i d&#8217;alta qualitat als nostres clients, brindant solucions completes, integrades i fiables; contribuint aix\u00ed a la millora de l&#8217;efici\u00e8ncia i productivitat del seu negoci.<\/p>\n<p style=\"text-align: justify;\">IGP CONTROL, coordina i executa els projectes com a \u00fanic interlocutor cap als nostres clients en format clau en m\u00e0 amb tots els avantatges que aix\u00f2 significa.<\/p>\n<p style=\"text-align: justify;\">La <strong><a href=\"https:\/\/igpcontrol.com\/ca\/servicios\/\">LLISTA DE SERVEIS<\/a><\/strong> de la nostra organitzaci\u00f3 \u00e9s \u00e0mplia i integrada; els nostres serveis contemplen separada o de forma conjunta, l&#8217;enginyeria, el subministrament, la instal\u00b7laci\u00f3, la posada en marxa i el manteniment de les totes les nostres instal\u00b7lacions.<\/p>\n<p style=\"text-align: justify;\">IGP CONTROL els ofereix diversos sistemes d&#8217;instal\u00b7lacions integrals, a escollir, per als diferents entorns industrials.<\/p>\n<\/div><div class=\" magee-shortcode magee-column col-md-4\" id=\"\" style=\"text-align:;\">\n<\/div><\/div>","protected":false},"excerpt":{"rendered":"<p>Ho sentim, aquesta entrada es troba disponible \u00fanicament en Angl\u00e8s Americ\u00e0.<\/p>\n","protected":false},"author":1,"featured_media":0,"parent":0,"menu_order":0,"comment_status":"closed","ping_status":"closed","template":"","meta":[],"yoast_head":"<!-- This site is optimized with the Yoast SEO plugin v19.13 - https:\/\/yoast.com\/wordpress\/plugins\/seo\/ -->\n<title>Empresa - IGP Control<\/title>\n<meta name=\"robots\" content=\"index, follow, max-snippet:-1, max-image-preview:large, max-video-preview:-1\" \/>\n<link rel=\"canonical\" href=\"https:\/\/igpcontrol.com\/empresa\/\" \/>\n<meta property=\"og:locale\" content=\"ca_ES\" \/>\n<meta property=\"og:type\" content=\"article\" \/>\n<meta property=\"og:title\" content=\"[:es]Empresa[:ca]Empresa[:en]Company[:] - IGP Control\" \/>\n<meta property=\"og:description\" content=\"Ho sentim, aquesta entrada es troba disponible \u00fanicament en Angl\u00e8s Americ\u00e0.\" \/>\n<meta property=\"og:url\" content=\"https:\/\/igpcontrol.com\/empresa\/\" \/>\n<meta property=\"og:site_name\" content=\"IGP Control\" \/>\n<meta property=\"article:modified_time\" content=\"2026-01-25T14:38:13+00:00\" \/>\n<meta name=\"twitter:card\" content=\"summary_large_image\" \/>\n<meta name=\"twitter:label1\" content=\"Temps estimat de lectura\" \/>\n\t<meta name=\"twitter:data1\" content=\"2 minuts\" \/>\n<script type=\"application\/ld+json\" class=\"yoast-schema-graph\">{\"@context\":\"https:\/\/schema.org\",\"@graph\":[{\"@type\":\"WebPage\",\"@id\":\"https:\/\/igpcontrol.com\/empresa\/\",\"url\":\"https:\/\/igpcontrol.com\/empresa\/\",\"name\":\"[:es]Empresa[:ca]Empresa[:en]Company[:] - IGP Control\",\"isPartOf\":{\"@id\":\"https:\/\/igpcontrol.com\/#website\"},\"datePublished\":\"2016-12-06T11:03:59+00:00\",\"dateModified\":\"2026-01-25T14:38:13+00:00\",\"breadcrumb\":{\"@id\":\"https:\/\/igpcontrol.com\/empresa\/#breadcrumb\"},\"inLanguage\":\"ca\",\"potentialAction\":[{\"@type\":\"ReadAction\",\"target\":[\"https:\/\/igpcontrol.com\/empresa\/\"]}]},{\"@type\":\"BreadcrumbList\",\"@id\":\"https:\/\/igpcontrol.com\/empresa\/#breadcrumb\",\"itemListElement\":[{\"@type\":\"ListItem\",\"position\":1,\"name\":\"Portada\",\"item\":\"https:\/\/igpcontrol.com\/\"},{\"@type\":\"ListItem\",\"position\":2,\"name\":\"Empresa\"}]},{\"@type\":\"WebSite\",\"@id\":\"https:\/\/igpcontrol.com\/#website\",\"url\":\"https:\/\/igpcontrol.com\/\",\"name\":\"IGP Control\",\"description\":\"Implantaci\u00f3n y Gesti\u00f3n de proyectos\",\"potentialAction\":[{\"@type\":\"SearchAction\",\"target\":{\"@type\":\"EntryPoint\",\"urlTemplate\":\"https:\/\/igpcontrol.com\/?s={search_term_string}\"},\"query-input\":\"required name=search_term_string\"}],\"inLanguage\":\"ca\"}]}<\/script>\n<!-- \/ Yoast SEO plugin. -->","yoast_head_json":{"title":"[:es]Empresa[:ca]Empresa[:en]Company[:] - IGP Control","robots":{"index":"index","follow":"follow","max-snippet":"max-snippet:-1","max-image-preview":"max-image-preview:large","max-video-preview":"max-video-preview:-1"},"canonical":"https:\/\/igpcontrol.com\/empresa\/","og_locale":"ca_ES","og_type":"article","og_title":"[:es]Empresa[:ca]Empresa[:en]Company[:] - IGP Control","og_description":"Ho sentim, aquesta entrada es troba disponible \u00fanicament en Angl\u00e8s Americ\u00e0.","og_url":"https:\/\/igpcontrol.com\/empresa\/","og_site_name":"IGP Control","article_modified_time":"2026-01-25T14:38:13+00:00","twitter_card":"summary_large_image","twitter_misc":{"Temps estimat de lectura":"2 minuts"},"schema":{"@context":"https:\/\/schema.org","@graph":[{"@type":"WebPage","@id":"https:\/\/igpcontrol.com\/empresa\/","url":"https:\/\/igpcontrol.com\/empresa\/","name":"[:es]Empresa[:ca]Empresa[:en]Company[:] - IGP Control","isPartOf":{"@id":"https:\/\/igpcontrol.com\/#website"},"datePublished":"2016-12-06T11:03:59+00:00","dateModified":"2026-01-25T14:38:13+00:00","breadcrumb":{"@id":"https:\/\/igpcontrol.com\/empresa\/#breadcrumb"},"inLanguage":"ca","potentialAction":[{"@type":"ReadAction","target":["https:\/\/igpcontrol.com\/empresa\/"]}]},{"@type":"BreadcrumbList","@id":"https:\/\/igpcontrol.com\/empresa\/#breadcrumb","itemListElement":[{"@type":"ListItem","position":1,"name":"Portada","item":"https:\/\/igpcontrol.com\/"},{"@type":"ListItem","position":2,"name":"Empresa"}]},{"@type":"WebSite","@id":"https:\/\/igpcontrol.com\/#website","url":"https:\/\/igpcontrol.com\/","name":"IGP Control","description":"Implantaci\u00f3n y Gesti\u00f3n de proyectos","potentialAction":[{"@type":"SearchAction","target":{"@type":"EntryPoint","urlTemplate":"https:\/\/igpcontrol.com\/?s={search_term_string}"},"query-input":"required name=search_term_string"}],"inLanguage":"ca"}]}},"_links":{"self":[{"href":"https:\/\/igpcontrol.com\/ca\/wp-json\/wp\/v2\/pages\/21"}],"collection":[{"href":"https:\/\/igpcontrol.com\/ca\/wp-json\/wp\/v2\/pages"}],"about":[{"href":"https:\/\/igpcontrol.com\/ca\/wp-json\/wp\/v2\/types\/page"}],"author":[{"embeddable":true,"href":"https:\/\/igpcontrol.com\/ca\/wp-json\/wp\/v2\/users\/1"}],"replies":[{"embeddable":true,"href":"https:\/\/igpcontrol.com\/ca\/wp-json\/wp\/v2\/comments?post=21"}],"version-history":[{"count":22,"href":"https:\/\/igpcontrol.com\/ca\/wp-json\/wp\/v2\/pages\/21\/revisions"}],"predecessor-version":[{"id":1273,"href":"https:\/\/igpcontrol.com\/ca\/wp-json\/wp\/v2\/pages\/21\/revisions\/1273"}],"wp:attachment":[{"href":"https:\/\/igpcontrol.com\/ca\/wp-json\/wp\/v2\/media?parent=21"}],"curies":[{"name":"wp","href":"https:\/\/api.w.org\/{rel}","templated":true}]}}