{"id":23,"date":"2016-12-06T11:14:08","date_gmt":"2016-12-06T11:14:08","guid":{"rendered":"http:\/\/igpcontrol.com\/?page_id=23"},"modified":"2022-06-03T08:40:35","modified_gmt":"2022-06-03T08:40:35","slug":"servicios","status":"publish","type":"page","link":"https:\/\/igpcontrol.com\/ca\/servicios\/","title":{"rendered":"Serveis"},"content":{"rendered":"<h5 style=\"text-align: center;\">La llista de serveis&nbsp;de la nostra organitzaci\u00f3 \u00e9s \u00e0mplia i integrada; els nostres serveis contemplen separada o de forma conjunta:<\/h5>\n<p>&nbsp;<\/p>\n<div id=\"\" class=\" magee-shortcode magee-row row\">\n<div class=\" magee-shortcode magee-column col-md-4\" id=\"\" style=\"text-align:;\">\n<p style=\"text-align: center;\"><i id=\"\" class=\" fa fa-code-fork\" style=\"font-size:40px;color:red;\"><\/i>\n<h5 style=\"text-align: center;\"><a href=\"https:\/\/igpcontrol.com\/ca\/instalaciones-de-cableado-estructurado-fibra-optica-y-networking\/\">Instal\u00b7lacions de cablejat estructurat, Fibra \u00f2ptica i Networking<\/a><\/h5>\n<\/div>\n<div class=\" magee-shortcode magee-column col-md-4\" id=\"\" style=\"text-align:;\">\n<p style=\"text-align: center;\"><i id=\"\" class=\" fa fa-plug\" style=\"font-size:40px;color:red;\"><\/i>&nbsp;<\/p>\n<h5 style=\"text-align: center;\"><a href=\"https:\/\/igpcontrol.com\/ca\/instalaciones-electricas-control-consumo-electrico\/\">Instal\u00b7lacions el\u00e8ctriques i Control consum el\u00e8ctric<\/a><\/h5>\n<\/div>\n<div class=\" magee-shortcode magee-column col-md-4\" id=\"\" style=\"text-align:;\">\n<p style=\"text-align: center;\"><i id=\"\" class=\" fa fa-umbrella\" style=\"font-size:40px;color:red;\"><\/i>&nbsp;<\/p>\n<h5 style=\"text-align: center;\"><a href=\"https:\/\/igpcontrol.com\/ca\/climatizacion\/\">Climatitzaci\u00f3<\/a><\/h5>\n<\/div>\n<\/div>\n<div id=\"\" class=\" magee-shortcode magee-row row\">\n<div class=\" magee-shortcode magee-column col-md-4\" id=\"\" style=\"text-align:;\">\n<p style=\"text-align: center;\"><i id=\"\" class=\" fa fa-road\" style=\"font-size:40px;color:red;\"><\/i>\n<h5 style=\"text-align: center;\"><a href=\"https:\/\/igpcontrol.com\/ca\/obra-civil-e-interiorismo\/\">Obra civil i Interiorisme<\/a><\/h5>\n<\/div>\n<div class=\" magee-shortcode magee-column col-md-4\" id=\"\" style=\"text-align:;\">\n<p style=\"text-align: center;\"><i id=\"\" class=\" fa fa-lock\" style=\"font-size:40px;color:red;\"><\/i>\n<h5 style=\"text-align: center;\"><a href=\"https:\/\/igpcontrol.com\/ca\/instalacion-sistemas-seguridad-incendios\/\">Instal\u00b7laci\u00f3 de sistemes de seguretat i contra incendis<\/a><\/h5>\n<\/div>\n<div class=\" magee-shortcode magee-column col-md-4\" id=\"\" style=\"text-align:;\">\n<p style=\"text-align: center;\"><i id=\"\" class=\" fa fa-spinner\" style=\"font-size:40px;color:red;\"><\/i>\n<h5 style=\"text-align: center;\"><a href=\"https:\/\/igpcontrol.com\/ca\/mantenimientos-integrales\/\">Manteniments integrals<\/a><\/h5>\n<\/div>\n<\/div>","protected":false},"excerpt":{"rendered":"<p>La llista de serveis&nbsp;de la nostra organitzaci\u00f3 \u00e9s \u00e0mplia i integrada; els nostres serveis contemplen separada o de forma conjunta: &nbsp;<\/p>\n","protected":false},"author":1,"featured_media":0,"parent":0,"menu_order":0,"comment_status":"closed","ping_status":"closed","template":"","meta":[],"yoast_head":"<!-- This site is optimized with the Yoast SEO plugin v19.13 - https:\/\/yoast.com\/wordpress\/plugins\/seo\/ -->\n<title>Serveis - IGP Control<\/title>\n<meta name=\"robots\" content=\"index, follow, max-snippet:-1, max-image-preview:large, max-video-preview:-1\" \/>\n<link rel=\"canonical\" href=\"https:\/\/igpcontrol.com\/servicios\/\" \/>\n<meta property=\"og:locale\" content=\"ca_ES\" \/>\n<meta property=\"og:type\" content=\"article\" \/>\n<meta property=\"og:title\" content=\"[:es]Servicios[:ca]Serveis[:en]Services[:] - IGP Control\" \/>\n<meta property=\"og:description\" content=\"La llista de serveis&nbsp;de la nostra organitzaci\u00f3 \u00e9s \u00e0mplia i integrada; els nostres serveis contemplen separada o de forma conjunta: &nbsp;\" \/>\n<meta property=\"og:url\" content=\"https:\/\/igpcontrol.com\/servicios\/\" \/>\n<meta property=\"og:site_name\" content=\"IGP Control\" \/>\n<meta property=\"article:modified_time\" content=\"2022-06-03T08:40:35+00:00\" \/>\n<meta name=\"twitter:card\" content=\"summary_large_image\" \/>\n<meta name=\"twitter:label1\" content=\"Temps estimat de lectura\" \/>\n\t<meta name=\"twitter:data1\" content=\"2 minuts\" \/>\n<script type=\"application\/ld+json\" class=\"yoast-schema-graph\">{\"@context\":\"https:\/\/schema.org\",\"@graph\":[{\"@type\":\"WebPage\",\"@id\":\"https:\/\/igpcontrol.com\/servicios\/\",\"url\":\"https:\/\/igpcontrol.com\/servicios\/\",\"name\":\"[:es]Servicios[:ca]Serveis[:en]Services[:] - IGP Control\",\"isPartOf\":{\"@id\":\"https:\/\/igpcontrol.com\/#website\"},\"datePublished\":\"2016-12-06T11:14:08+00:00\",\"dateModified\":\"2022-06-03T08:40:35+00:00\",\"breadcrumb\":{\"@id\":\"https:\/\/igpcontrol.com\/servicios\/#breadcrumb\"},\"inLanguage\":\"ca\",\"potentialAction\":[{\"@type\":\"ReadAction\",\"target\":[\"https:\/\/igpcontrol.com\/servicios\/\"]}]},{\"@type\":\"BreadcrumbList\",\"@id\":\"https:\/\/igpcontrol.com\/servicios\/#breadcrumb\",\"itemListElement\":[{\"@type\":\"ListItem\",\"position\":1,\"name\":\"Portada\",\"item\":\"https:\/\/igpcontrol.com\/\"},{\"@type\":\"ListItem\",\"position\":2,\"name\":\"Servicios\"}]},{\"@type\":\"WebSite\",\"@id\":\"https:\/\/igpcontrol.com\/#website\",\"url\":\"https:\/\/igpcontrol.com\/\",\"name\":\"IGP Control\",\"description\":\"Implantaci\u00f3n y Gesti\u00f3n de proyectos\",\"potentialAction\":[{\"@type\":\"SearchAction\",\"target\":{\"@type\":\"EntryPoint\",\"urlTemplate\":\"https:\/\/igpcontrol.com\/?s={search_term_string}\"},\"query-input\":\"required name=search_term_string\"}],\"inLanguage\":\"ca\"}]}<\/script>\n<!-- \/ Yoast SEO plugin. -->","yoast_head_json":{"title":"[:es]Servicios[:ca]Serveis[:en]Services[:] - IGP Control","robots":{"index":"index","follow":"follow","max-snippet":"max-snippet:-1","max-image-preview":"max-image-preview:large","max-video-preview":"max-video-preview:-1"},"canonical":"https:\/\/igpcontrol.com\/servicios\/","og_locale":"ca_ES","og_type":"article","og_title":"[:es]Servicios[:ca]Serveis[:en]Services[:] - IGP Control","og_description":"La llista de serveis&nbsp;de la nostra organitzaci\u00f3 \u00e9s \u00e0mplia i integrada; els nostres serveis contemplen separada o de forma conjunta: &nbsp;","og_url":"https:\/\/igpcontrol.com\/servicios\/","og_site_name":"IGP Control","article_modified_time":"2022-06-03T08:40:35+00:00","twitter_card":"summary_large_image","twitter_misc":{"Temps estimat de lectura":"2 minuts"},"schema":{"@context":"https:\/\/schema.org","@graph":[{"@type":"WebPage","@id":"https:\/\/igpcontrol.com\/servicios\/","url":"https:\/\/igpcontrol.com\/servicios\/","name":"[:es]Servicios[:ca]Serveis[:en]Services[:] - IGP Control","isPartOf":{"@id":"https:\/\/igpcontrol.com\/#website"},"datePublished":"2016-12-06T11:14:08+00:00","dateModified":"2022-06-03T08:40:35+00:00","breadcrumb":{"@id":"https:\/\/igpcontrol.com\/servicios\/#breadcrumb"},"inLanguage":"ca","potentialAction":[{"@type":"ReadAction","target":["https:\/\/igpcontrol.com\/servicios\/"]}]},{"@type":"BreadcrumbList","@id":"https:\/\/igpcontrol.com\/servicios\/#breadcrumb","itemListElement":[{"@type":"ListItem","position":1,"name":"Portada","item":"https:\/\/igpcontrol.com\/"},{"@type":"ListItem","position":2,"name":"Servicios"}]},{"@type":"WebSite","@id":"https:\/\/igpcontrol.com\/#website","url":"https:\/\/igpcontrol.com\/","name":"IGP Control","description":"Implantaci\u00f3n y Gesti\u00f3n de proyectos","potentialAction":[{"@type":"SearchAction","target":{"@type":"EntryPoint","urlTemplate":"https:\/\/igpcontrol.com\/?s={search_term_string}"},"query-input":"required name=search_term_string"}],"inLanguage":"ca"}]}},"_links":{"self":[{"href":"https:\/\/igpcontrol.com\/ca\/wp-json\/wp\/v2\/pages\/23"}],"collection":[{"href":"https:\/\/igpcontrol.com\/ca\/wp-json\/wp\/v2\/pages"}],"about":[{"href":"https:\/\/igpcontrol.com\/ca\/wp-json\/wp\/v2\/types\/page"}],"author":[{"embeddable":true,"href":"https:\/\/igpcontrol.com\/ca\/wp-json\/wp\/v2\/users\/1"}],"replies":[{"embeddable":true,"href":"https:\/\/igpcontrol.com\/ca\/wp-json\/wp\/v2\/comments?post=23"}],"version-history":[{"count":13,"href":"https:\/\/igpcontrol.com\/ca\/wp-json\/wp\/v2\/pages\/23\/revisions"}],"predecessor-version":[{"id":1190,"href":"https:\/\/igpcontrol.com\/ca\/wp-json\/wp\/v2\/pages\/23\/revisions\/1190"}],"wp:attachment":[{"href":"https:\/\/igpcontrol.com\/ca\/wp-json\/wp\/v2\/media?parent=23"}],"curies":[{"name":"wp","href":"https:\/\/api.w.org\/{rel}","templated":true}]}}