{"id":44,"date":"2017-01-10T17:35:47","date_gmt":"2017-01-10T17:35:47","guid":{"rendered":"http:\/\/igpcontrol.com\/?page_id=44"},"modified":"2017-01-25T19:32:27","modified_gmt":"2017-01-25T19:32:27","slug":"instalaciones-de-cableado-estructurado-fibra-optica-y-networking","status":"publish","type":"page","link":"https:\/\/igpcontrol.com\/ca\/instalaciones-de-cableado-estructurado-fibra-optica-y-networking\/","title":{"rendered":"Instal\u00b7lacions de cablejat estructurat, Fibra \u00f2ptica i Networking"},"content":{"rendered":"<div id=\"\" class=\" magee-shortcode magee-row row\">\n<div class=\" magee-shortcode magee-column col-md-6\" id=\"\" style=\"text-align:;\">\n<h4 style=\"text-align: left;\"><i id=\"\" class=\" fa fa-code-fork\" style=\"font-size:40px;color:#222222;\"><\/i> CABLEJAT ESTRUCTURAT&nbsp;I FIBRA \u00d2PTICA<\/h4>\n<p style=\"text-align: justify;\">L&#8217;aval que posse\u00efm en el disseny i la implantaci\u00f3 de sistemes de cablejat estructurat, i en els sistemes de xarxes de telefonia i de fibra \u00f2ptica, ens ha perm\u00e8s realitzar projectes importants.<\/p>\n<p style=\"text-align: justify;\">Implantem solucions en cablejat estructurat amb les \u00faltimes novetats en productes tant a Cat-5e, Cat-6, Cat-6 a, Cat-7, tant en sistemes apantallats (FTP) com en no apantallats (UTP).<\/p>\n<p style=\"text-align: justify;\">Per a xarxes de fibra \u00f2ptica, oferim des del sistema tradicional de fibra est\u00e0ndard interior\/exterior monomode o multimode, fins a solucions de fibra bufada; pensant aix\u00ed en la reducci\u00f3 de costos i millora de la productivitat dels nostres clients.<\/p>\n<p style=\"text-align: justify;\">Les nostres instal\u00b7lacions s\u00f3n meticulosament examinades i avaluades pels nostres t\u00e8cnics, amb l&#8217;objectiu de ser certificades complint aix\u00ed tots els est\u00e0ndards exigits pels fabricants. Amb aquesta finalitat s&#8217;utilitzen els \u00faltims equips de mesurament; obtenint aix\u00ed una documentaci\u00f3 detallada que \u00e9s lliurada posteriorment als nostres clients.<\/p>\n<p style=\"text-align: justify;\">Oferim diferents cobertures de garantia a trav\u00e9s dels nostres diferents partners.<\/p>\n<\/div>\n<div class=\" magee-shortcode magee-column col-md-6\" id=\"\" style=\"text-align:;\">\n<h4 style=\"text-align: left;\"><i id=\"\" class=\" fa fa-code-fork\" style=\"font-size:40px;color:#222222;\"><\/i> ELS NOSTRES&nbsp;PARTNERS:<\/h4>\n[ngg_images source=&#8221;galleries&#8221; container_ids=&#8221;12&#8243; display_type=&#8221;photocrati-nextgen_basic_slideshow&#8221; gallery_width=&#8221;600&#8243; gallery_height=&#8221;400&#8243; cycle_effect=&#8221;scrollUp&#8221; cycle_interval=&#8221;2&#8243; show_thumbnail_link=&#8221;1&#8243; thumbnail_link_text=&#8221;[Mostrar miniaturas]&#8221; order_by=&#8221;sortorder&#8221; order_direction=&#8221;ASC&#8221; returns=&#8221;included&#8221; maximum_entity_count=&#8221;500&#8243;]<\/div><\/div>\n<div class=\" divider magee-divider magee-shortcode divider-spee34 divider-shadow center\" id=\"\"><div class=\"divider-inner divider-border\"><\/div><\/div>\n<div id=\"\" class=\" magee-shortcode magee-row row\">\n<div class=\" magee-shortcode magee-column col-md-6\" id=\"\" style=\"text-align:;\">\n<h4 style=\"text-align: left;\"><i id=\"\" class=\" fa fa-code-fork\" style=\"font-size:40px;color:#222222;\"><\/i> NETWORKING<\/h4>\n<p style=\"text-align: justify;\">La gamma de serveis de Networking \u00e9s \u00e0mplia donada l&#8217;experi\u00e8ncia dels nostres especialistes tant en la part de planejament com en l&#8217;execuci\u00f3.<\/p>\n<p style=\"text-align: justify;\">Despr\u00e9s d&#8217;un detallat estudi de les caracter\u00edstiques de la infraestructura telem\u00e0tica del sistema a implementar o modificar del client, es presenta la soluci\u00f3 m\u00e9s competitiva a partir de les seves necessitats.<\/p>\n<p style=\"text-align: justify;\">Aquests s\u00f3n els serveis oferts:<\/p>\n<ul style=\"list-style-type: circle;\">\n<li>Subministrament, instal\u00b7laci\u00f3 i configuraci\u00f3 d&#8217;electr\u00f2nica de xarxa.<\/li>\n<li>Tallafocs.<\/li>\n<li>Xarxes Wiffi.<\/li>\n<li>Switching.<\/li>\n<li>Routing.<\/li>\n<li>Conversors Fibra \u00d2ptica.<\/li>\n<\/ul>\n<\/div>\n<div class=\" magee-shortcode magee-column col-md-6\" id=\"\" style=\"text-align:;\">\n<h4 style=\"text-align: left;\"><i id=\"\" class=\" fa fa-code-fork\" style=\"font-size:40px;color:#222222;\"><\/i> ELS NOSTRES&nbsp;PARTNERS:<\/h4>\n[ngg_images source=&#8221;galleries&#8221; container_ids=&#8221;13&#8243; display_type=&#8221;photocrati-nextgen_basic_slideshow&#8221; gallery_width=&#8221;600&#8243; gallery_height=&#8221;400&#8243; cycle_effect=&#8221;fade&#8221; cycle_interval=&#8221;2&#8243; show_thumbnail_link=&#8221;1&#8243; thumbnail_link_text=&#8221;[Mostrar miniaturas]&#8221; order_by=&#8221;sortorder&#8221; order_direction=&#8221;ASC&#8221; returns=&#8221;included&#8221; maximum_entity_count=&#8221;500&#8243;]\n<p style=\"text-align: justify;\">&nbsp;<\/p>\n<\/div><\/div>","protected":false},"excerpt":{"rendered":"","protected":false},"author":1,"featured_media":0,"parent":0,"menu_order":0,"comment_status":"closed","ping_status":"closed","template":"","meta":[],"yoast_head":"<!-- This site is optimized with the Yoast SEO plugin v19.13 - https:\/\/yoast.com\/wordpress\/plugins\/seo\/ -->\n<title>Instal\u00b7lacions de cablejat estructurat, Fibra \u00f2ptica i Networking - IGP Control<\/title>\n<meta name=\"robots\" content=\"index, follow, max-snippet:-1, max-image-preview:large, max-video-preview:-1\" \/>\n<link rel=\"canonical\" href=\"https:\/\/igpcontrol.com\/instalaciones-de-cableado-estructurado-fibra-optica-y-networking\/\" \/>\n<meta property=\"og:locale\" content=\"ca_ES\" \/>\n<meta property=\"og:type\" content=\"article\" \/>\n<meta property=\"og:title\" content=\"[:es]Instalaciones de cableado estructurado, Fibra \u00f3ptica y Networking[:ca]Instal\u00b7lacions de cablejat estructurat, Fibra \u00f2ptica i Networking[:en]Structured cabling, Fiber optic and Networking facilities[:] - IGP Control\" \/>\n<meta property=\"og:url\" content=\"https:\/\/igpcontrol.com\/instalaciones-de-cableado-estructurado-fibra-optica-y-networking\/\" \/>\n<meta property=\"og:site_name\" content=\"IGP Control\" \/>\n<meta property=\"article:modified_time\" content=\"2017-01-25T19:32:27+00:00\" \/>\n<meta name=\"twitter:card\" content=\"summary_large_image\" \/>\n<meta name=\"twitter:label1\" content=\"Temps estimat de lectura\" \/>\n\t<meta name=\"twitter:data1\" content=\"6 minuts\" \/>\n<script type=\"application\/ld+json\" class=\"yoast-schema-graph\">{\"@context\":\"https:\/\/schema.org\",\"@graph\":[{\"@type\":\"WebPage\",\"@id\":\"https:\/\/igpcontrol.com\/instalaciones-de-cableado-estructurado-fibra-optica-y-networking\/\",\"url\":\"https:\/\/igpcontrol.com\/instalaciones-de-cableado-estructurado-fibra-optica-y-networking\/\",\"name\":\"[:es]Instalaciones de cableado estructurado, Fibra \u00f3ptica y Networking[:ca]Instal\u00b7lacions de cablejat estructurat, Fibra \u00f2ptica i Networking[:en]Structured cabling, Fiber optic and Networking facilities[:] - IGP Control\",\"isPartOf\":{\"@id\":\"https:\/\/igpcontrol.com\/#website\"},\"datePublished\":\"2017-01-10T17:35:47+00:00\",\"dateModified\":\"2017-01-25T19:32:27+00:00\",\"breadcrumb\":{\"@id\":\"https:\/\/igpcontrol.com\/instalaciones-de-cableado-estructurado-fibra-optica-y-networking\/#breadcrumb\"},\"inLanguage\":\"ca\",\"potentialAction\":[{\"@type\":\"ReadAction\",\"target\":[\"https:\/\/igpcontrol.com\/instalaciones-de-cableado-estructurado-fibra-optica-y-networking\/\"]}]},{\"@type\":\"BreadcrumbList\",\"@id\":\"https:\/\/igpcontrol.com\/instalaciones-de-cableado-estructurado-fibra-optica-y-networking\/#breadcrumb\",\"itemListElement\":[{\"@type\":\"ListItem\",\"position\":1,\"name\":\"Portada\",\"item\":\"https:\/\/igpcontrol.com\/\"},{\"@type\":\"ListItem\",\"position\":2,\"name\":\"Instalaciones de cableado estructurado, Fibra \u00f3ptica y Networking\"}]},{\"@type\":\"WebSite\",\"@id\":\"https:\/\/igpcontrol.com\/#website\",\"url\":\"https:\/\/igpcontrol.com\/\",\"name\":\"IGP Control\",\"description\":\"Implantaci\u00f3n y Gesti\u00f3n de proyectos\",\"potentialAction\":[{\"@type\":\"SearchAction\",\"target\":{\"@type\":\"EntryPoint\",\"urlTemplate\":\"https:\/\/igpcontrol.com\/?s={search_term_string}\"},\"query-input\":\"required name=search_term_string\"}],\"inLanguage\":\"ca\"}]}<\/script>\n<!-- \/ Yoast SEO plugin. -->","yoast_head_json":{"title":"[:es]Instalaciones de cableado estructurado, Fibra \u00f3ptica y Networking[:ca]Instal\u00b7lacions de cablejat estructurat, Fibra \u00f2ptica i Networking[:en]Structured cabling, Fiber optic and Networking facilities[:] - IGP Control","robots":{"index":"index","follow":"follow","max-snippet":"max-snippet:-1","max-image-preview":"max-image-preview:large","max-video-preview":"max-video-preview:-1"},"canonical":"https:\/\/igpcontrol.com\/instalaciones-de-cableado-estructurado-fibra-optica-y-networking\/","og_locale":"ca_ES","og_type":"article","og_title":"[:es]Instalaciones de cableado estructurado, Fibra \u00f3ptica y Networking[:ca]Instal\u00b7lacions de cablejat estructurat, Fibra \u00f2ptica i Networking[:en]Structured cabling, Fiber optic and Networking facilities[:] - IGP Control","og_url":"https:\/\/igpcontrol.com\/instalaciones-de-cableado-estructurado-fibra-optica-y-networking\/","og_site_name":"IGP Control","article_modified_time":"2017-01-25T19:32:27+00:00","twitter_card":"summary_large_image","twitter_misc":{"Temps estimat de lectura":"6 minuts"},"schema":{"@context":"https:\/\/schema.org","@graph":[{"@type":"WebPage","@id":"https:\/\/igpcontrol.com\/instalaciones-de-cableado-estructurado-fibra-optica-y-networking\/","url":"https:\/\/igpcontrol.com\/instalaciones-de-cableado-estructurado-fibra-optica-y-networking\/","name":"[:es]Instalaciones de cableado estructurado, Fibra \u00f3ptica y Networking[:ca]Instal\u00b7lacions de cablejat estructurat, Fibra \u00f2ptica i Networking[:en]Structured cabling, Fiber optic and Networking facilities[:] - IGP Control","isPartOf":{"@id":"https:\/\/igpcontrol.com\/#website"},"datePublished":"2017-01-10T17:35:47+00:00","dateModified":"2017-01-25T19:32:27+00:00","breadcrumb":{"@id":"https:\/\/igpcontrol.com\/instalaciones-de-cableado-estructurado-fibra-optica-y-networking\/#breadcrumb"},"inLanguage":"ca","potentialAction":[{"@type":"ReadAction","target":["https:\/\/igpcontrol.com\/instalaciones-de-cableado-estructurado-fibra-optica-y-networking\/"]}]},{"@type":"BreadcrumbList","@id":"https:\/\/igpcontrol.com\/instalaciones-de-cableado-estructurado-fibra-optica-y-networking\/#breadcrumb","itemListElement":[{"@type":"ListItem","position":1,"name":"Portada","item":"https:\/\/igpcontrol.com\/"},{"@type":"ListItem","position":2,"name":"Instalaciones de cableado estructurado, Fibra \u00f3ptica y Networking"}]},{"@type":"WebSite","@id":"https:\/\/igpcontrol.com\/#website","url":"https:\/\/igpcontrol.com\/","name":"IGP Control","description":"Implantaci\u00f3n y Gesti\u00f3n de proyectos","potentialAction":[{"@type":"SearchAction","target":{"@type":"EntryPoint","urlTemplate":"https:\/\/igpcontrol.com\/?s={search_term_string}"},"query-input":"required name=search_term_string"}],"inLanguage":"ca"}]}},"_links":{"self":[{"href":"https:\/\/igpcontrol.com\/ca\/wp-json\/wp\/v2\/pages\/44"}],"collection":[{"href":"https:\/\/igpcontrol.com\/ca\/wp-json\/wp\/v2\/pages"}],"about":[{"href":"https:\/\/igpcontrol.com\/ca\/wp-json\/wp\/v2\/types\/page"}],"author":[{"embeddable":true,"href":"https:\/\/igpcontrol.com\/ca\/wp-json\/wp\/v2\/users\/1"}],"replies":[{"embeddable":true,"href":"https:\/\/igpcontrol.com\/ca\/wp-json\/wp\/v2\/comments?post=44"}],"version-history":[{"count":18,"href":"https:\/\/igpcontrol.com\/ca\/wp-json\/wp\/v2\/pages\/44\/revisions"}],"predecessor-version":[{"id":416,"href":"https:\/\/igpcontrol.com\/ca\/wp-json\/wp\/v2\/pages\/44\/revisions\/416"}],"wp:attachment":[{"href":"https:\/\/igpcontrol.com\/ca\/wp-json\/wp\/v2\/media?parent=44"}],"curies":[{"name":"wp","href":"https:\/\/api.w.org\/{rel}","templated":true}]}}