{"id":48,"date":"2017-01-10T17:41:17","date_gmt":"2017-01-10T17:41:17","guid":{"rendered":"http:\/\/igpcontrol.com\/?page_id=48"},"modified":"2017-01-25T20:34:02","modified_gmt":"2017-01-25T20:34:02","slug":"instalaciones-electricas-control-consumo-electrico","status":"publish","type":"page","link":"https:\/\/igpcontrol.com\/ca\/instalaciones-electricas-control-consumo-electrico\/","title":{"rendered":"Instal\u00b7lacions el\u00e8ctriques i Control consum el\u00e8ctric"},"content":{"rendered":"<div id=\"\" class=\" magee-shortcode magee-row row\">\n<div class=\" magee-shortcode magee-column col-md-6\" id=\"\" style=\"text-align:;\">\n<h4 style=\"text-align: left;\"><i id=\"\" class=\" fa fa-plug\" style=\"font-size:40px;color:#222222;\"><\/i> INSTAL-LACIONS EL\u00c8CTRIQUES<\/h4>\n<p style=\"text-align: justify;\">IGP Control aporta solucions integrades per donar complida resposta a les necessitats dels seus clients:<\/p>\n<ul style=\"list-style-type: circle;\">\n<li style=\"text-align: justify;\">Instal\u00b7lacions el\u00e8ctriques industrials.<\/li>\n<li style=\"text-align: justify;\">Instal\u00b7lacions el\u00e8ctriques en oficines.<\/li>\n<li style=\"text-align: justify;\">Instal\u00b7lacions el\u00e8ctriques en particulars.<\/li>\n<li style=\"text-align: justify;\">Grups electr\u00f2gens.<\/li>\n<li style=\"text-align: justify;\">UPS (SAI).<\/li>\n<li style=\"text-align: justify;\">Enllumenat convencional i decoratiu.<\/li>\n<li style=\"text-align: justify;\">Quadres el\u00e8ctrics.<\/li>\n<li style=\"text-align: justify;\">Enginyeria.<\/li>\n<li style=\"text-align: justify;\">Legalitzacions i projectes el\u00e8ctrics.<\/li>\n<\/ul>\n<\/div>\n<div class=\" magee-shortcode magee-column col-md-6\" id=\"\" style=\"text-align:;\">\n<h4 style=\"text-align: left;\"><i id=\"\" class=\" fa fa-plug\" style=\"font-size:40px;color:#222222;\"><\/i> ELS NOSTRES PARTNERS:<\/h4>\n[ngg_images source=&#8221;galleries&#8221; container_ids=&#8221;14&#8243; display_type=&#8221;photocrati-nextgen_basic_slideshow&#8221; gallery_width=&#8221;600&#8243; gallery_height=&#8221;400&#8243; cycle_effect=&#8221;fade&#8221; cycle_interval=&#8221;2&#8243; show_thumbnail_link=&#8221;1&#8243; thumbnail_link_text=&#8221;[Mostrar miniaturas]&#8221; order_by=&#8221;sortorder&#8221; order_direction=&#8221;ASC&#8221; returns=&#8221;included&#8221; maximum_entity_count=&#8221;500&#8243;]<\/div><\/div>\n<div class=\" divider magee-divider magee-shortcode divider-81g03n divider-shadow center\" id=\"\"><div class=\"divider-inner divider-border\"><\/div><\/div>\n<div id=\"\" class=\" magee-shortcode magee-row row\">\n<div class=\" magee-shortcode magee-column col-md-6\" id=\"\" style=\"text-align:;\">\n<h4 style=\"text-align: left;\"><i id=\"\" class=\" fa fa-plug\" style=\"font-size:40px;color:#222222;\"><\/i>&nbsp;CONTROL CONSUM EL\u00c8CTRIC<\/h4>\n<p style=\"text-align: justify;\">SINERGIE&nbsp;\u00e9s la soluci\u00f3 de CCE per a empreses que li permet gestionar el seu consum el\u00e8ctric i dotar-lo d&#8217;eines per comprendre, interpretar i verificar les factures de la seva comercialitzadora de forma f\u00e0cil i fiable.<\/p>\n<p style=\"text-align: justify;\">SINERGIE&nbsp;disposa de diversos serveis que s&#8217;ofereixen conjuntament o per separat segons les necessitats del client:<\/p>\n<ul style=\"list-style-type: circle; text-align: justify;\">\n<li><strong>Paquet b\u00e0sic:<\/strong> Consisteix en una plataforma en l\u00ednia per monitoritzar el seu comptador el\u00e8ctric i un comprovant mensual de la seva factura per verificar que paga \u00fanicament el que correspon.<\/li>\n<\/ul>\n<ul style=\"list-style-type: circle;\">\n<li style=\"text-align: justify;\"><strong>Serveis addicionals:<\/strong> Reclamaci\u00f3 de factures i negociaci\u00f3 del contracte el\u00e8ctric, s\u00f3n complementaris al paquet b\u00e0sic i el seu preu \u00e9s un percentatge de l&#8217;estalvi que li aconseguim.<\/li>\n<\/ul>\n<p>&nbsp;<\/p>\n<\/div>\n<div class=\" magee-shortcode magee-column col-md-6\" id=\"\" style=\"text-align:;\">\n<h4 style=\"text-align: left;\"><i id=\"\" class=\" fa fa-plug\" style=\"font-size:40px;color:#222222;\"><\/i> SINERGIE:<\/h4>\n<p style=\"text-align: justify;\">Amb SINERGIE podr\u00e0 supervisar el comportament del consum de les seves instal\u00b7lacions. \u00datil per detectar on \u00e9s possible disminuir el seu consum.<\/p>\n<p style=\"text-align: justify;\">\r\n\t\t<div class=\"magee-expand \" id=\"\" data-less-icon=\"fa-check-square-o\" data-less-icon-color=\"#078d10\" data-less-text=\"BENEFICIS\" data-more-icon=\"fa-plus\" data-more-icon-color=\"#fe1b14\" data-more-text=\"MONITORITZACI\u00d3 DEL CONSUM\">\r\n            <div class=\"expand-control control-ces5al\"><i class=\"fa fa-plus\" style=\"color:#fe1b14;\"><\/i> MONITORITZACI\u00d3 DEL CONSUM<\/div>\r\n\t\t\t\t<div class=\"expand-content\" style=\"display:none;\">\r\n\t\t\t\t\tSINERGIE&nbsp;es comunica amb el seu comptador peri\u00f2dicament, llegeix les dades, les&nbsp;processa i les&nbsp;guarda a la nostra base de dades. Un cop consultades les dades, s&#8217;ofereixen eines per a la seva visualitzaci\u00f3 i interpretaci\u00f3 en la nostra p\u00e0gina web. \r\n\t\t\t\t<\/div>\r\n\t\t\t<\/div>\n<p style=\"text-align: justify;\">\r\n\t\t<div class=\"magee-expand \" id=\"\" data-less-icon=\"fa-check-square-o\" data-less-icon-color=\"#078d10\" data-less-text=\"BENEFICIS\" data-more-icon=\"fa-plus\" data-more-icon-color=\"#fe1b14\" data-more-text=\"COMPROVANTS DE FACTURA\">\r\n            <div class=\"expand-control control-5lz5pf\"><i class=\"fa fa-plus\" style=\"color:#fe1b14;\"><\/i> COMPROVANTS DE FACTURA<\/div>\r\n\t\t\t\t<div class=\"expand-content\" style=\"display:none;\">\r\n\t\t\t\t\tSINERGIE&nbsp;li proporciona un document mensual en el mateix format que el de la seva factura que li permet comprovar r\u00e0pidament si la seva comercialitzadora el\u00e8ctrica li est\u00e0 cobrant correctament o si ha com\u00e8s algun error.\r\n\t\t\t\t<\/div>\r\n\t\t\t<\/div>\n<p style=\"text-align: justify;\">\r\n\t\t<div class=\"magee-expand \" id=\"\" data-less-icon=\"fa-check-square-o\" data-less-icon-color=\"#078d10\" data-less-text=\"BENEFICIS\" data-more-icon=\"fa-plus\" data-more-icon-color=\"#fe1b14\" data-more-text=\"RECLAMACI\u00d3&nbsp;DE FACTURES\">\r\n            <div class=\"expand-control control-0w66ky\"><i class=\"fa fa-plus\" style=\"color:#fe1b14;\"><\/i> RECLAMACI\u00d3&nbsp;DE FACTURES<\/div>\r\n\t\t\t\t<div class=\"expand-content\" style=\"display:none;\">\r\n\t\t\t\t\tQu\u00e8 passa quan li arriba una factura amb errors? Com ha de procedir per a la correcta reclamaci\u00f3? Disposa del temps i paci\u00e8ncia que comporta aquesta tasca?. SINERGIE&nbsp;li gestiona les reclamacions en nom seu.\r\n\t\t\t\t<\/div>\r\n\t\t\t<\/div>\n<p style=\"text-align: justify;\">\r\n\t\t<div class=\"magee-expand \" id=\"\" data-less-icon=\"fa-check-square-o\" data-less-icon-color=\"#078d10\" data-less-text=\"BENEFICIS\" data-more-icon=\"fa-plus\" data-more-icon-color=\"#fe1b14\" data-more-text=\"NEGOCIACI\u00d3 DEL CONTRACTE\">\r\n            <div class=\"expand-control control-olyxfq\"><i class=\"fa fa-plus\" style=\"color:#fe1b14;\"><\/i> NEGOCIACI\u00d3 DEL CONTRACTE<\/div>\r\n\t\t\t\t<div class=\"expand-content\" style=\"display:none;\">\r\n\t\t\t\t\tSap que hi ha m\u00e9s de 50 comercialitzadores? \u00c9s el seu contracte l&#8217;\u00f2ptim per al seu consum?. SINERGIE&nbsp;negocia el seu contracte de forma imparcial amb les diferents comercialitzadores i li garanteix les millors condicions per a la seva empresa.\r\n\t\t\t\t<\/div>\r\n\t\t\t<\/div>\n<p style=\"text-align: justify;\"><\/div><\/div><span style=\"font-size: 20pt;\">\r\n\t\t<div class=\"magee-expand \" id=\"\" data-less-icon=\"fa-check-square-o\" data-less-icon-color=\"#078d10\" data-less-text=\"RESULTATS GARANTITS\" data-more-icon=\"fa-plus\" data-more-icon-color=\"#fe1b14\" data-more-text=\"AMB SINERGIE GUANYAR\u00c0S EN...\">\r\n            <div class=\"expand-control control-r44pmw\"><i class=\"fa fa-plus\" style=\"color:#fe1b14;\"><\/i> AMB SINERGIE GUANYAR\u00c0S EN...<\/div>\r\n\t\t\t\t<div class=\"expand-content\" style=\"display:none;\">\r\n\t\t\t\t\tLes empreses que confien en SINERGIE&nbsp;han aconseguit un estalvi del 14% de mitjana en la factura d&#8217;energia el\u00e8ctrica!.\r\n\t\t\t\t<\/div>\r\n\t\t\t<\/div><\/span><\/p>\n<p>&nbsp;<\/p>\n<div id=\"\" class=\" magee-shortcode magee-row row\">\n<div class=\" magee-shortcode magee-column col-md-4\" id=\"\" style=\"text-align:;\">\n<p style=\"text-align: center;\"><i id=\"\" class=\" fa fa-heartbeat\" style=\"font-size:40px;color:#222222;\"><\/i>&nbsp;<\/p>\n<h5 style=\"text-align: center;\">TRANQUIL\u00b7LITAT<\/h5>\n<p style=\"text-align: center;\">Tindr\u00e0 plena seguretat en saber que les seves factures no contenen errors, i si els tenen, SINERGIE li gestiona les reclamacions sense p\u00e8rdua de temps per a vost\u00e8.<\/p>\n<\/div>\n<div class=\" magee-shortcode magee-column col-md-4\" id=\"\" style=\"text-align:;\">\n<p style=\"text-align: center;\"><i id=\"\" class=\" fa fa-thumbs-o-up\" style=\"font-size:40px;color:#222222;\"><\/i>&nbsp;<\/p>\n<h5 style=\"text-align: center;\">TRANSPAR\u00c8NCIA<\/h5>\n<p style=\"text-align: center;\">Donada la neutralitat respecte a les diferents comercialitzadores, SINERGIE li ofereix el contracte el\u00e8ctric que millor s&#8217;ajusti a les necessitats de la seva empresa.<\/p>\n<\/div>\n<div class=\" magee-shortcode magee-column col-md-4\" id=\"\" style=\"text-align:;\">\n<p style=\"text-align: center;\"><i id=\"\" class=\" fa fa-wrench\" style=\"font-size:40px;color:#222222;\"><\/i>&nbsp;<\/p>\n<h5 style=\"text-align: center;\">ASSESSORAMENT T\u00c8CNIC<\/h5>\n<p style=\"text-align: center;\">Disposar\u00e0 d&#8217;un equip de suport expert en facturaci\u00f3 d&#8217;energia el\u00e8ctrica, que li resoldr\u00e0 dubtes i el mantindr\u00e0 informat de les novetats del sector.<\/p>\n<\/div>\n<\/div>\n<p>&nbsp;","protected":false},"excerpt":{"rendered":"<p>&nbsp; &nbsp;<\/p>\n","protected":false},"author":1,"featured_media":0,"parent":0,"menu_order":0,"comment_status":"closed","ping_status":"closed","template":"","meta":[],"yoast_head":"<!-- This site is optimized with the Yoast SEO plugin v19.13 - https:\/\/yoast.com\/wordpress\/plugins\/seo\/ -->\n<title>Instal\u00b7lacions el\u00e8ctriques i Control consum el\u00e8ctric - IGP Control<\/title>\n<meta name=\"robots\" content=\"index, follow, max-snippet:-1, max-image-preview:large, max-video-preview:-1\" \/>\n<link rel=\"canonical\" href=\"https:\/\/igpcontrol.com\/instalaciones-electricas-control-consumo-electrico\/\" \/>\n<meta property=\"og:locale\" content=\"ca_ES\" \/>\n<meta property=\"og:type\" content=\"article\" \/>\n<meta property=\"og:title\" content=\"[:es]Instalaciones el\u00e9ctricas y Control consumo el\u00e9ctrico[:ca]Instal\u00b7lacions el\u00e8ctriques i Control consum el\u00e8ctric[:en]Electrical installations and Control of electricity consumption[:] - IGP Control\" \/>\n<meta property=\"og:description\" content=\"&nbsp; &nbsp;\" \/>\n<meta property=\"og:url\" content=\"https:\/\/igpcontrol.com\/instalaciones-electricas-control-consumo-electrico\/\" \/>\n<meta property=\"og:site_name\" content=\"IGP Control\" \/>\n<meta property=\"article:modified_time\" content=\"2017-01-25T20:34:02+00:00\" \/>\n<meta name=\"twitter:card\" content=\"summary_large_image\" \/>\n<meta name=\"twitter:label1\" content=\"Temps estimat de lectura\" \/>\n\t<meta name=\"twitter:data1\" content=\"12 minuts\" \/>\n<script type=\"application\/ld+json\" class=\"yoast-schema-graph\">{\"@context\":\"https:\/\/schema.org\",\"@graph\":[{\"@type\":\"WebPage\",\"@id\":\"https:\/\/igpcontrol.com\/instalaciones-electricas-control-consumo-electrico\/\",\"url\":\"https:\/\/igpcontrol.com\/instalaciones-electricas-control-consumo-electrico\/\",\"name\":\"[:es]Instalaciones el\u00e9ctricas y Control consumo el\u00e9ctrico[:ca]Instal\u00b7lacions el\u00e8ctriques i Control consum el\u00e8ctric[:en]Electrical installations and Control of electricity consumption[:] - IGP Control\",\"isPartOf\":{\"@id\":\"https:\/\/igpcontrol.com\/#website\"},\"datePublished\":\"2017-01-10T17:41:17+00:00\",\"dateModified\":\"2017-01-25T20:34:02+00:00\",\"breadcrumb\":{\"@id\":\"https:\/\/igpcontrol.com\/instalaciones-electricas-control-consumo-electrico\/#breadcrumb\"},\"inLanguage\":\"ca\",\"potentialAction\":[{\"@type\":\"ReadAction\",\"target\":[\"https:\/\/igpcontrol.com\/instalaciones-electricas-control-consumo-electrico\/\"]}]},{\"@type\":\"BreadcrumbList\",\"@id\":\"https:\/\/igpcontrol.com\/instalaciones-electricas-control-consumo-electrico\/#breadcrumb\",\"itemListElement\":[{\"@type\":\"ListItem\",\"position\":1,\"name\":\"Portada\",\"item\":\"https:\/\/igpcontrol.com\/\"},{\"@type\":\"ListItem\",\"position\":2,\"name\":\"Instalaciones el\u00e9ctricas y Control consumo el\u00e9ctrico\"}]},{\"@type\":\"WebSite\",\"@id\":\"https:\/\/igpcontrol.com\/#website\",\"url\":\"https:\/\/igpcontrol.com\/\",\"name\":\"IGP Control\",\"description\":\"Implantaci\u00f3n y Gesti\u00f3n de proyectos\",\"potentialAction\":[{\"@type\":\"SearchAction\",\"target\":{\"@type\":\"EntryPoint\",\"urlTemplate\":\"https:\/\/igpcontrol.com\/?s={search_term_string}\"},\"query-input\":\"required name=search_term_string\"}],\"inLanguage\":\"ca\"}]}<\/script>\n<!-- \/ Yoast SEO plugin. -->","yoast_head_json":{"title":"[:es]Instalaciones el\u00e9ctricas y Control consumo el\u00e9ctrico[:ca]Instal\u00b7lacions el\u00e8ctriques i Control consum el\u00e8ctric[:en]Electrical installations and Control of electricity consumption[:] - IGP Control","robots":{"index":"index","follow":"follow","max-snippet":"max-snippet:-1","max-image-preview":"max-image-preview:large","max-video-preview":"max-video-preview:-1"},"canonical":"https:\/\/igpcontrol.com\/instalaciones-electricas-control-consumo-electrico\/","og_locale":"ca_ES","og_type":"article","og_title":"[:es]Instalaciones el\u00e9ctricas y Control consumo el\u00e9ctrico[:ca]Instal\u00b7lacions el\u00e8ctriques i Control consum el\u00e8ctric[:en]Electrical installations and Control of electricity consumption[:] - IGP Control","og_description":"&nbsp; &nbsp;","og_url":"https:\/\/igpcontrol.com\/instalaciones-electricas-control-consumo-electrico\/","og_site_name":"IGP Control","article_modified_time":"2017-01-25T20:34:02+00:00","twitter_card":"summary_large_image","twitter_misc":{"Temps estimat de lectura":"12 minuts"},"schema":{"@context":"https:\/\/schema.org","@graph":[{"@type":"WebPage","@id":"https:\/\/igpcontrol.com\/instalaciones-electricas-control-consumo-electrico\/","url":"https:\/\/igpcontrol.com\/instalaciones-electricas-control-consumo-electrico\/","name":"[:es]Instalaciones el\u00e9ctricas y Control consumo el\u00e9ctrico[:ca]Instal\u00b7lacions el\u00e8ctriques i Control consum el\u00e8ctric[:en]Electrical installations and Control of electricity consumption[:] - IGP Control","isPartOf":{"@id":"https:\/\/igpcontrol.com\/#website"},"datePublished":"2017-01-10T17:41:17+00:00","dateModified":"2017-01-25T20:34:02+00:00","breadcrumb":{"@id":"https:\/\/igpcontrol.com\/instalaciones-electricas-control-consumo-electrico\/#breadcrumb"},"inLanguage":"ca","potentialAction":[{"@type":"ReadAction","target":["https:\/\/igpcontrol.com\/instalaciones-electricas-control-consumo-electrico\/"]}]},{"@type":"BreadcrumbList","@id":"https:\/\/igpcontrol.com\/instalaciones-electricas-control-consumo-electrico\/#breadcrumb","itemListElement":[{"@type":"ListItem","position":1,"name":"Portada","item":"https:\/\/igpcontrol.com\/"},{"@type":"ListItem","position":2,"name":"Instalaciones el\u00e9ctricas y Control consumo el\u00e9ctrico"}]},{"@type":"WebSite","@id":"https:\/\/igpcontrol.com\/#website","url":"https:\/\/igpcontrol.com\/","name":"IGP Control","description":"Implantaci\u00f3n y Gesti\u00f3n de proyectos","potentialAction":[{"@type":"SearchAction","target":{"@type":"EntryPoint","urlTemplate":"https:\/\/igpcontrol.com\/?s={search_term_string}"},"query-input":"required name=search_term_string"}],"inLanguage":"ca"}]}},"_links":{"self":[{"href":"https:\/\/igpcontrol.com\/ca\/wp-json\/wp\/v2\/pages\/48"}],"collection":[{"href":"https:\/\/igpcontrol.com\/ca\/wp-json\/wp\/v2\/pages"}],"about":[{"href":"https:\/\/igpcontrol.com\/ca\/wp-json\/wp\/v2\/types\/page"}],"author":[{"embeddable":true,"href":"https:\/\/igpcontrol.com\/ca\/wp-json\/wp\/v2\/users\/1"}],"replies":[{"embeddable":true,"href":"https:\/\/igpcontrol.com\/ca\/wp-json\/wp\/v2\/comments?post=48"}],"version-history":[{"count":44,"href":"https:\/\/igpcontrol.com\/ca\/wp-json\/wp\/v2\/pages\/48\/revisions"}],"predecessor-version":[{"id":439,"href":"https:\/\/igpcontrol.com\/ca\/wp-json\/wp\/v2\/pages\/48\/revisions\/439"}],"wp:attachment":[{"href":"https:\/\/igpcontrol.com\/ca\/wp-json\/wp\/v2\/media?parent=48"}],"curies":[{"name":"wp","href":"https:\/\/api.w.org\/{rel}","templated":true}]}}