{"id":57,"date":"2017-01-10T19:31:17","date_gmt":"2017-01-10T19:31:17","guid":{"rendered":"http:\/\/igpcontrol.com\/?page_id=57"},"modified":"2023-12-20T12:47:13","modified_gmt":"2023-12-20T12:47:13","slug":"obra-civil-e-interiorismo","status":"publish","type":"page","link":"https:\/\/igpcontrol.com\/ca\/obra-civil-e-interiorismo\/","title":{"rendered":"Obra civil i Interiorisme"},"content":{"rendered":"<div id=\"\" class=\" magee-shortcode magee-row row\">\n<div class=\" magee-shortcode magee-column col-md-6\" id=\"\" style=\"text-align:;\">\n<h4 style=\"text-align: left;\"><i id=\"\" class=\" fa fa-road\" style=\"font-size:40px;color:#222222;\"><\/i>&nbsp;OBRA CIVIL I&nbsp;INTERIORISME<\/h4>\n<p style=\"text-align: justify;\">IGP Control realitza tots els seus projectes a partir de les necessitats del client, sempre tenint en compte el disseny fins a l&#8217;\u00faltim detall.<\/p>\n<p style=\"text-align: justify;\">Comencem amb un primer contacte amb el client, se&#8217;ns plantegen les seves necessitats i els nostres professionals els ofereixen la millor soluci\u00f3.<\/p>\n<p style=\"text-align: justify;\">La gran dotaci\u00f3 de recursos materials, professionals, captaci\u00f3 t\u00e8cnica i una absoluta fidelitat i honestedat al client i col\u00b7laboradors, permet IGP garantir l&#8217;execuci\u00f3 global des de l&#8217;inici a l&#8217;acabament dels nostres treballs.<\/p>\n<p style=\"text-align: justify;\">Creem espais interiors i exteriors com cadascuna de les peces de mobiliari i complements.<\/p>\n<p>&nbsp;<\/p>\n<\/div>\n<div class=\" magee-shortcode magee-column col-md-6\" id=\"\" style=\"text-align:;\">\n<h4 style=\"text-align: left;\"><i id=\"\" class=\" fa fa-road\" style=\"font-size:40px;color:#222222;\"><\/i> AQUESTES S\u00d3N ALGUNES DE LES SOLUCIONS QUE OFERIM:<\/h4>\n<p>&nbsp;<\/p>\n<table style=\"width: 500px; height: 90px;\">\n<tbody>\n<tr style=\"height: 69.1494px;\">\n<td style=\"width: 75.5078px; text-align: center; height: 69.1494px;\">TANCAMENTS IGN\u00cdFUGS<\/td>\n<td style=\"width: 69.2578px; text-align: center; height: 69.1494px;\">CREACI\u00d3 D&#8217;ESPAIS<\/td>\n<td style=\"width: 114.258px; text-align: center; height: 69.1494px;\">MOBILIARI I COMPLEMENTS<\/td>\n<td style=\"width: 90.5078px; text-align: center; height: 69.1494px;\">IL\u00b7LUMINACI\u00d3 I PAISATGISME<\/td>\n<td style=\"width: 118.008px; text-align: center; height: 69.1494px;\">PROJECTES &#8220;CLAUS EN M\u00c0&#8221;<\/td>\n<\/tr>\n<\/tbody>\n<\/table>\n<p style=\"text-align: left;\">&nbsp;&nbsp;<\/p>\n<p style=\"text-align: left;\"><\/div><\/div>","protected":false},"excerpt":{"rendered":"","protected":false},"author":1,"featured_media":0,"parent":0,"menu_order":0,"comment_status":"closed","ping_status":"closed","template":"","meta":[],"yoast_head":"<!-- This site is optimized with the Yoast SEO plugin v19.13 - https:\/\/yoast.com\/wordpress\/plugins\/seo\/ -->\n<title>Obra civil i Interiorisme - IGP Control<\/title>\n<meta name=\"robots\" content=\"index, follow, max-snippet:-1, max-image-preview:large, max-video-preview:-1\" \/>\n<link rel=\"canonical\" href=\"https:\/\/igpcontrol.com\/obra-civil-e-interiorismo\/\" \/>\n<meta property=\"og:locale\" content=\"ca_ES\" \/>\n<meta property=\"og:type\" content=\"article\" \/>\n<meta property=\"og:title\" content=\"[:es]Obra civil e Interiorismo[:ca]Obra civil i Interiorisme[:en]Civil works and interior design[:] - IGP Control\" \/>\n<meta property=\"og:url\" content=\"https:\/\/igpcontrol.com\/obra-civil-e-interiorismo\/\" \/>\n<meta property=\"og:site_name\" content=\"IGP Control\" \/>\n<meta property=\"article:modified_time\" content=\"2023-12-20T12:47:13+00:00\" \/>\n<meta name=\"twitter:card\" content=\"summary_large_image\" \/>\n<meta name=\"twitter:label1\" content=\"Temps estimat de lectura\" \/>\n\t<meta name=\"twitter:data1\" content=\"2 minuts\" \/>\n<script type=\"application\/ld+json\" class=\"yoast-schema-graph\">{\"@context\":\"https:\/\/schema.org\",\"@graph\":[{\"@type\":\"WebPage\",\"@id\":\"https:\/\/igpcontrol.com\/obra-civil-e-interiorismo\/\",\"url\":\"https:\/\/igpcontrol.com\/obra-civil-e-interiorismo\/\",\"name\":\"[:es]Obra civil e Interiorismo[:ca]Obra civil i Interiorisme[:en]Civil works and interior design[:] - IGP Control\",\"isPartOf\":{\"@id\":\"https:\/\/igpcontrol.com\/#website\"},\"datePublished\":\"2017-01-10T19:31:17+00:00\",\"dateModified\":\"2023-12-20T12:47:13+00:00\",\"breadcrumb\":{\"@id\":\"https:\/\/igpcontrol.com\/obra-civil-e-interiorismo\/#breadcrumb\"},\"inLanguage\":\"ca\",\"potentialAction\":[{\"@type\":\"ReadAction\",\"target\":[\"https:\/\/igpcontrol.com\/obra-civil-e-interiorismo\/\"]}]},{\"@type\":\"BreadcrumbList\",\"@id\":\"https:\/\/igpcontrol.com\/obra-civil-e-interiorismo\/#breadcrumb\",\"itemListElement\":[{\"@type\":\"ListItem\",\"position\":1,\"name\":\"Portada\",\"item\":\"https:\/\/igpcontrol.com\/\"},{\"@type\":\"ListItem\",\"position\":2,\"name\":\"Obra civil e Interiorismo\"}]},{\"@type\":\"WebSite\",\"@id\":\"https:\/\/igpcontrol.com\/#website\",\"url\":\"https:\/\/igpcontrol.com\/\",\"name\":\"IGP Control\",\"description\":\"Implantaci\u00f3n y Gesti\u00f3n de proyectos\",\"potentialAction\":[{\"@type\":\"SearchAction\",\"target\":{\"@type\":\"EntryPoint\",\"urlTemplate\":\"https:\/\/igpcontrol.com\/?s={search_term_string}\"},\"query-input\":\"required name=search_term_string\"}],\"inLanguage\":\"ca\"}]}<\/script>\n<!-- \/ Yoast SEO plugin. -->","yoast_head_json":{"title":"[:es]Obra civil e Interiorismo[:ca]Obra civil i Interiorisme[:en]Civil works and interior design[:] - IGP Control","robots":{"index":"index","follow":"follow","max-snippet":"max-snippet:-1","max-image-preview":"max-image-preview:large","max-video-preview":"max-video-preview:-1"},"canonical":"https:\/\/igpcontrol.com\/obra-civil-e-interiorismo\/","og_locale":"ca_ES","og_type":"article","og_title":"[:es]Obra civil e Interiorismo[:ca]Obra civil i Interiorisme[:en]Civil works and interior design[:] - IGP Control","og_url":"https:\/\/igpcontrol.com\/obra-civil-e-interiorismo\/","og_site_name":"IGP Control","article_modified_time":"2023-12-20T12:47:13+00:00","twitter_card":"summary_large_image","twitter_misc":{"Temps estimat de lectura":"2 minuts"},"schema":{"@context":"https:\/\/schema.org","@graph":[{"@type":"WebPage","@id":"https:\/\/igpcontrol.com\/obra-civil-e-interiorismo\/","url":"https:\/\/igpcontrol.com\/obra-civil-e-interiorismo\/","name":"[:es]Obra civil e Interiorismo[:ca]Obra civil i Interiorisme[:en]Civil works and interior design[:] - IGP Control","isPartOf":{"@id":"https:\/\/igpcontrol.com\/#website"},"datePublished":"2017-01-10T19:31:17+00:00","dateModified":"2023-12-20T12:47:13+00:00","breadcrumb":{"@id":"https:\/\/igpcontrol.com\/obra-civil-e-interiorismo\/#breadcrumb"},"inLanguage":"ca","potentialAction":[{"@type":"ReadAction","target":["https:\/\/igpcontrol.com\/obra-civil-e-interiorismo\/"]}]},{"@type":"BreadcrumbList","@id":"https:\/\/igpcontrol.com\/obra-civil-e-interiorismo\/#breadcrumb","itemListElement":[{"@type":"ListItem","position":1,"name":"Portada","item":"https:\/\/igpcontrol.com\/"},{"@type":"ListItem","position":2,"name":"Obra civil e Interiorismo"}]},{"@type":"WebSite","@id":"https:\/\/igpcontrol.com\/#website","url":"https:\/\/igpcontrol.com\/","name":"IGP Control","description":"Implantaci\u00f3n y Gesti\u00f3n de proyectos","potentialAction":[{"@type":"SearchAction","target":{"@type":"EntryPoint","urlTemplate":"https:\/\/igpcontrol.com\/?s={search_term_string}"},"query-input":"required name=search_term_string"}],"inLanguage":"ca"}]}},"_links":{"self":[{"href":"https:\/\/igpcontrol.com\/ca\/wp-json\/wp\/v2\/pages\/57"}],"collection":[{"href":"https:\/\/igpcontrol.com\/ca\/wp-json\/wp\/v2\/pages"}],"about":[{"href":"https:\/\/igpcontrol.com\/ca\/wp-json\/wp\/v2\/types\/page"}],"author":[{"embeddable":true,"href":"https:\/\/igpcontrol.com\/ca\/wp-json\/wp\/v2\/users\/1"}],"replies":[{"embeddable":true,"href":"https:\/\/igpcontrol.com\/ca\/wp-json\/wp\/v2\/comments?post=57"}],"version-history":[{"count":11,"href":"https:\/\/igpcontrol.com\/ca\/wp-json\/wp\/v2\/pages\/57\/revisions"}],"predecessor-version":[{"id":1252,"href":"https:\/\/igpcontrol.com\/ca\/wp-json\/wp\/v2\/pages\/57\/revisions\/1252"}],"wp:attachment":[{"href":"https:\/\/igpcontrol.com\/ca\/wp-json\/wp\/v2\/media?parent=57"}],"curies":[{"name":"wp","href":"https:\/\/api.w.org\/{rel}","templated":true}]}}