{"id":65,"date":"2017-01-10T20:08:32","date_gmt":"2017-01-10T20:08:32","guid":{"rendered":"http:\/\/igpcontrol.com\/?page_id=65"},"modified":"2017-01-26T17:13:34","modified_gmt":"2017-01-26T17:13:34","slug":"instalacion-sistemas-seguridad-incendios","status":"publish","type":"page","link":"https:\/\/igpcontrol.com\/ca\/instalacion-sistemas-seguridad-incendios\/","title":{"rendered":"Instal\u00b7laci\u00f3 de sistemes de seguretat i contra incendis"},"content":{"rendered":"<i id=\"\" class=\" fa fa-lock\" style=\"font-size:40px;color:#222222;\"><\/i> INSTAL\u00b7LACI\u00d3 DE SISTEMES DE SEGURETAT I CONTRA INCENDIS<\/p>\n<p style=\"text-align: justify;\">En les organitzacions, siguin oficines, naus, grans empreses o pimes ens enfrontem di\u00e0riament a riscos de major o menor magnitud.<\/p>\n<p style=\"text-align: justify;\">IGP CONTROL, en la gran majoria dels casos, aplica solucions estandarditzades, que permeten oferir preus m\u00e9s ajustats i acords amb les possibilitats dels nostres clients mitjan\u00e7ant instal\u00b7lacions d&#8217;alarmes, circuits tancats de televisi\u00f3, control d&#8217;accessos i detecci\u00f3\/extinci\u00f3.<\/p>\n<p style=\"text-align: justify;\">La protecci\u00f3 contra incendis \u00e9s l&#8217;\u00fanica manera de minimitzar els danys produ\u00efts pel foc, ja siguin materials, o el que \u00e9s m\u00e9s greu, els danys personals o fins i tot la p\u00e8rdua de vides humanes, aix\u00ed com la continu\u00eftat dels serveis cr\u00edtics.<\/p>\n<p style=\"text-align: justify;\">IGP CONTROL considera que una adequada instal\u00b7laci\u00f3 i un diari manteniment dels sistemes de detecci\u00f3 d&#8217;incendis o de gasos d&#8217;\u00faltima generaci\u00f3, una extinci\u00f3 ja sigui mitjan\u00e7ant extintors, boques d&#8217;incendis o ruixadors, una adequada compartimentaci\u00f3 mitjan\u00e7ant portes tallafocs i tractaments ign\u00edfugs, i una correcta senyalitzaci\u00f3 d&#8217;emerg\u00e8ncia, no nom\u00e9s poden evitar danys innecessaris, sin\u00f3 que s\u00f3n sempre una inversi\u00f3 rendible.<\/p>","protected":false},"excerpt":{"rendered":"<p>INSTAL\u00b7LACI\u00d3 DE SISTEMES DE SEGURETAT I CONTRA INCENDIS En les organitzacions, siguin oficines, naus, grans empreses o pimes ens enfrontem di\u00e0riament a riscos de major o menor magnitud. IGP CONTROL, en la gran majoria dels casos, aplica solucions estandarditzades, que permeten oferir preus m\u00e9s ajustats i acords amb les possibilitats dels nostres clients mitjan\u00e7ant instal\u00b7lacions d&#8217;alarmes, circuits tancats de televisi\u00f3, control d&#8217;accessos i detecci\u00f3\/extinci\u00f3. La protecci\u00f3 contra incendis \u00e9s l&#8217;\u00fanica manera de minimitzar els danys produ\u00efts pel foc, ja siguin materials, o el que \u00e9s m\u00e9s greu, els danys personals o fins i tot la p\u00e8rdua de vides humanes, aix\u00ed com la continu\u00eftat dels serveis cr\u00edtics. IGP CONTROL considera que una adequada instal\u00b7laci\u00f3 i un diari manteniment dels sistemes de detecci\u00f3 d&#8217;incendis o de gasos d&#8217;\u00faltima generaci\u00f3, una extinci\u00f3 ja sigui mitjan\u00e7ant extintors, boques d&#8217;incendis o ruixadors, una adequada compartimentaci\u00f3 mitjan\u00e7ant portes tallafocs i tractaments ign\u00edfugs, i una correcta senyalitzaci\u00f3 d&#8217;emerg\u00e8ncia, no nom\u00e9s poden evitar danys innecessaris, sin\u00f3 que s\u00f3n sempre una inversi\u00f3 rendible.<\/p>\n","protected":false},"author":1,"featured_media":0,"parent":0,"menu_order":0,"comment_status":"closed","ping_status":"closed","template":"","meta":[],"yoast_head":"<!-- This site is optimized with the Yoast SEO plugin v19.13 - https:\/\/yoast.com\/wordpress\/plugins\/seo\/ -->\n<title>Instal\u00b7laci\u00f3 de sistemes de seguretat i contra incendis - IGP Control<\/title>\n<meta name=\"robots\" content=\"index, follow, max-snippet:-1, max-image-preview:large, max-video-preview:-1\" \/>\n<link rel=\"canonical\" href=\"https:\/\/igpcontrol.com\/instalacion-sistemas-seguridad-incendios\/\" \/>\n<meta property=\"og:locale\" content=\"ca_ES\" \/>\n<meta property=\"og:type\" content=\"article\" \/>\n<meta property=\"og:title\" content=\"[:es]Instalaci\u00f3n de sistemas de seguridad y contra incendios[:ca]Instal\u00b7laci\u00f3 de sistemes de seguretat i contra incendis[:en]Installation of fire and security systems[:] - IGP Control\" \/>\n<meta property=\"og:description\" content=\"INSTAL\u00b7LACI\u00d3 DE SISTEMES DE SEGURETAT I CONTRA INCENDIS En les organitzacions, siguin oficines, naus, grans empreses o pimes ens enfrontem di\u00e0riament a riscos de major o menor magnitud. IGP CONTROL, en la gran majoria dels casos, aplica solucions estandarditzades, que permeten oferir preus m\u00e9s ajustats i acords amb les possibilitats dels nostres clients mitjan\u00e7ant instal\u00b7lacions d&#8217;alarmes, circuits tancats de televisi\u00f3, control d&#8217;accessos i detecci\u00f3\/extinci\u00f3. La protecci\u00f3 contra incendis \u00e9s l&#8217;\u00fanica manera de minimitzar els danys produ\u00efts pel foc, ja siguin materials, o el que \u00e9s m\u00e9s greu, els danys personals o fins i tot la p\u00e8rdua de vides humanes, aix\u00ed com la continu\u00eftat dels serveis cr\u00edtics. IGP CONTROL considera que una adequada instal\u00b7laci\u00f3 i un diari manteniment dels sistemes de detecci\u00f3 d&#8217;incendis o de gasos d&#8217;\u00faltima generaci\u00f3, una extinci\u00f3 ja sigui mitjan\u00e7ant extintors, boques d&#8217;incendis o ruixadors, una adequada compartimentaci\u00f3 mitjan\u00e7ant portes tallafocs i tractaments ign\u00edfugs, i una correcta senyalitzaci\u00f3 d&#8217;emerg\u00e8ncia, no nom\u00e9s poden evitar danys innecessaris, sin\u00f3 que s\u00f3n sempre una inversi\u00f3 rendible.\" \/>\n<meta property=\"og:url\" content=\"https:\/\/igpcontrol.com\/instalacion-sistemas-seguridad-incendios\/\" \/>\n<meta property=\"og:site_name\" content=\"IGP Control\" \/>\n<meta property=\"article:modified_time\" content=\"2017-01-26T17:13:34+00:00\" \/>\n<meta name=\"twitter:card\" content=\"summary_large_image\" \/>\n<meta name=\"twitter:label1\" content=\"Temps estimat de lectura\" \/>\n\t<meta name=\"twitter:data1\" content=\"3 minuts\" \/>\n<script type=\"application\/ld+json\" class=\"yoast-schema-graph\">{\"@context\":\"https:\/\/schema.org\",\"@graph\":[{\"@type\":\"WebPage\",\"@id\":\"https:\/\/igpcontrol.com\/instalacion-sistemas-seguridad-incendios\/\",\"url\":\"https:\/\/igpcontrol.com\/instalacion-sistemas-seguridad-incendios\/\",\"name\":\"[:es]Instalaci\u00f3n de sistemas de seguridad y contra incendios[:ca]Instal\u00b7laci\u00f3 de sistemes de seguretat i contra incendis[:en]Installation of fire and security systems[:] - IGP Control\",\"isPartOf\":{\"@id\":\"https:\/\/igpcontrol.com\/#website\"},\"datePublished\":\"2017-01-10T20:08:32+00:00\",\"dateModified\":\"2017-01-26T17:13:34+00:00\",\"breadcrumb\":{\"@id\":\"https:\/\/igpcontrol.com\/instalacion-sistemas-seguridad-incendios\/#breadcrumb\"},\"inLanguage\":\"ca\",\"potentialAction\":[{\"@type\":\"ReadAction\",\"target\":[\"https:\/\/igpcontrol.com\/instalacion-sistemas-seguridad-incendios\/\"]}]},{\"@type\":\"BreadcrumbList\",\"@id\":\"https:\/\/igpcontrol.com\/instalacion-sistemas-seguridad-incendios\/#breadcrumb\",\"itemListElement\":[{\"@type\":\"ListItem\",\"position\":1,\"name\":\"Portada\",\"item\":\"https:\/\/igpcontrol.com\/\"},{\"@type\":\"ListItem\",\"position\":2,\"name\":\"Instalaci\u00f3n de sistemas de seguridad y contra incendios\"}]},{\"@type\":\"WebSite\",\"@id\":\"https:\/\/igpcontrol.com\/#website\",\"url\":\"https:\/\/igpcontrol.com\/\",\"name\":\"IGP Control\",\"description\":\"Implantaci\u00f3n y Gesti\u00f3n de proyectos\",\"potentialAction\":[{\"@type\":\"SearchAction\",\"target\":{\"@type\":\"EntryPoint\",\"urlTemplate\":\"https:\/\/igpcontrol.com\/?s={search_term_string}\"},\"query-input\":\"required name=search_term_string\"}],\"inLanguage\":\"ca\"}]}<\/script>\n<!-- \/ Yoast SEO plugin. -->","yoast_head_json":{"title":"[:es]Instalaci\u00f3n de sistemas de seguridad y contra incendios[:ca]Instal\u00b7laci\u00f3 de sistemes de seguretat i contra incendis[:en]Installation of fire and security systems[:] - IGP Control","robots":{"index":"index","follow":"follow","max-snippet":"max-snippet:-1","max-image-preview":"max-image-preview:large","max-video-preview":"max-video-preview:-1"},"canonical":"https:\/\/igpcontrol.com\/instalacion-sistemas-seguridad-incendios\/","og_locale":"ca_ES","og_type":"article","og_title":"[:es]Instalaci\u00f3n de sistemas de seguridad y contra incendios[:ca]Instal\u00b7laci\u00f3 de sistemes de seguretat i contra incendis[:en]Installation of fire and security systems[:] - IGP Control","og_description":"INSTAL\u00b7LACI\u00d3 DE SISTEMES DE SEGURETAT I CONTRA INCENDIS En les organitzacions, siguin oficines, naus, grans empreses o pimes ens enfrontem di\u00e0riament a riscos de major o menor magnitud. IGP CONTROL, en la gran majoria dels casos, aplica solucions estandarditzades, que permeten oferir preus m\u00e9s ajustats i acords amb les possibilitats dels nostres clients mitjan\u00e7ant instal\u00b7lacions d&#8217;alarmes, circuits tancats de televisi\u00f3, control d&#8217;accessos i detecci\u00f3\/extinci\u00f3. La protecci\u00f3 contra incendis \u00e9s l&#8217;\u00fanica manera de minimitzar els danys produ\u00efts pel foc, ja siguin materials, o el que \u00e9s m\u00e9s greu, els danys personals o fins i tot la p\u00e8rdua de vides humanes, aix\u00ed com la continu\u00eftat dels serveis cr\u00edtics. IGP CONTROL considera que una adequada instal\u00b7laci\u00f3 i un diari manteniment dels sistemes de detecci\u00f3 d&#8217;incendis o de gasos d&#8217;\u00faltima generaci\u00f3, una extinci\u00f3 ja sigui mitjan\u00e7ant extintors, boques d&#8217;incendis o ruixadors, una adequada compartimentaci\u00f3 mitjan\u00e7ant portes tallafocs i tractaments ign\u00edfugs, i una correcta senyalitzaci\u00f3 d&#8217;emerg\u00e8ncia, no nom\u00e9s poden evitar danys innecessaris, sin\u00f3 que s\u00f3n sempre una inversi\u00f3 rendible.","og_url":"https:\/\/igpcontrol.com\/instalacion-sistemas-seguridad-incendios\/","og_site_name":"IGP Control","article_modified_time":"2017-01-26T17:13:34+00:00","twitter_card":"summary_large_image","twitter_misc":{"Temps estimat de lectura":"3 minuts"},"schema":{"@context":"https:\/\/schema.org","@graph":[{"@type":"WebPage","@id":"https:\/\/igpcontrol.com\/instalacion-sistemas-seguridad-incendios\/","url":"https:\/\/igpcontrol.com\/instalacion-sistemas-seguridad-incendios\/","name":"[:es]Instalaci\u00f3n de sistemas de seguridad y contra incendios[:ca]Instal\u00b7laci\u00f3 de sistemes de seguretat i contra incendis[:en]Installation of fire and security systems[:] - IGP Control","isPartOf":{"@id":"https:\/\/igpcontrol.com\/#website"},"datePublished":"2017-01-10T20:08:32+00:00","dateModified":"2017-01-26T17:13:34+00:00","breadcrumb":{"@id":"https:\/\/igpcontrol.com\/instalacion-sistemas-seguridad-incendios\/#breadcrumb"},"inLanguage":"ca","potentialAction":[{"@type":"ReadAction","target":["https:\/\/igpcontrol.com\/instalacion-sistemas-seguridad-incendios\/"]}]},{"@type":"BreadcrumbList","@id":"https:\/\/igpcontrol.com\/instalacion-sistemas-seguridad-incendios\/#breadcrumb","itemListElement":[{"@type":"ListItem","position":1,"name":"Portada","item":"https:\/\/igpcontrol.com\/"},{"@type":"ListItem","position":2,"name":"Instalaci\u00f3n de sistemas de seguridad y contra incendios"}]},{"@type":"WebSite","@id":"https:\/\/igpcontrol.com\/#website","url":"https:\/\/igpcontrol.com\/","name":"IGP Control","description":"Implantaci\u00f3n y Gesti\u00f3n de proyectos","potentialAction":[{"@type":"SearchAction","target":{"@type":"EntryPoint","urlTemplate":"https:\/\/igpcontrol.com\/?s={search_term_string}"},"query-input":"required name=search_term_string"}],"inLanguage":"ca"}]}},"_links":{"self":[{"href":"https:\/\/igpcontrol.com\/ca\/wp-json\/wp\/v2\/pages\/65"}],"collection":[{"href":"https:\/\/igpcontrol.com\/ca\/wp-json\/wp\/v2\/pages"}],"about":[{"href":"https:\/\/igpcontrol.com\/ca\/wp-json\/wp\/v2\/types\/page"}],"author":[{"embeddable":true,"href":"https:\/\/igpcontrol.com\/ca\/wp-json\/wp\/v2\/users\/1"}],"replies":[{"embeddable":true,"href":"https:\/\/igpcontrol.com\/ca\/wp-json\/wp\/v2\/comments?post=65"}],"version-history":[{"count":8,"href":"https:\/\/igpcontrol.com\/ca\/wp-json\/wp\/v2\/pages\/65\/revisions"}],"predecessor-version":[{"id":1140,"href":"https:\/\/igpcontrol.com\/ca\/wp-json\/wp\/v2\/pages\/65\/revisions\/1140"}],"wp:attachment":[{"href":"https:\/\/igpcontrol.com\/ca\/wp-json\/wp\/v2\/media?parent=65"}],"curies":[{"name":"wp","href":"https:\/\/api.w.org\/{rel}","templated":true}]}}