{"id":70,"date":"2017-01-11T10:32:52","date_gmt":"2017-01-11T10:32:52","guid":{"rendered":"http:\/\/igpcontrol.com\/?page_id=70"},"modified":"2017-02-03T12:25:10","modified_gmt":"2017-02-03T12:25:10","slug":"mantenimientos-integrales","status":"publish","type":"page","link":"https:\/\/igpcontrol.com\/ca\/mantenimientos-integrales\/","title":{"rendered":"Manteniments integrals"},"content":{"rendered":"<i id=\"\" class=\" fa fa-spinner\" style=\"font-size:40px;color:#222222;\"><\/i> MANTENIMENTS INTEGRALS<\/p>\n<p style=\"text-align: justify;\">En un mercat tan competitiu, les instal\u00b7lacions d&#8217;equipament actiu dels edificis, s&#8217;ha convertit en una eina imprescindible. El seu funcionament ininterromput tots els dies de la setmana, aix\u00ed com un manteniment preventiu i correctiu s\u00f3n una de les claus de l&#8217;\u00e8xit de les empreses en els seus processos productius.<\/p>\n<p style=\"text-align: justify;\">IGP CONTROL ofereix una modalitat de servei les 24 hores del dia els 7 dies de la setmana o b\u00e9 un servei de 24 hores els 5 dies laborals, sempre amb un temps de resposta no superior de 4 hores i en funci\u00f3 de l&#8217;\u00e0rea geogr\u00e0fica.<\/p>\n<p style=\"text-align: justify;\">El servei 24 hores amb atenci\u00f3 personalitzada, permet als nostres clients amb contracte de manteniment treballar de forma continuada, evitant qualsevol alentiment originada per possibles fallades en els sistemes.<\/p>","protected":false},"excerpt":{"rendered":"<p>MANTENIMENTS INTEGRALS En un mercat tan competitiu, les instal\u00b7lacions d&#8217;equipament actiu dels edificis, s&#8217;ha convertit en una eina imprescindible. El seu funcionament ininterromput tots els dies de la setmana, aix\u00ed com un manteniment preventiu i correctiu s\u00f3n una de les claus de l&#8217;\u00e8xit de les empreses en els seus processos productius. IGP CONTROL ofereix una modalitat de servei les 24 hores del dia els 7 dies de la setmana o b\u00e9 un servei de 24 hores els 5 dies laborals, sempre amb un temps de resposta no superior de 4 hores i en funci\u00f3 de l&#8217;\u00e0rea geogr\u00e0fica. El servei 24 hores amb atenci\u00f3 personalitzada, permet als nostres clients amb contracte de manteniment treballar de forma continuada, evitant qualsevol alentiment originada per possibles fallades en els sistemes.<\/p>\n","protected":false},"author":1,"featured_media":0,"parent":0,"menu_order":0,"comment_status":"closed","ping_status":"closed","template":"","meta":[],"yoast_head":"<!-- This site is optimized with the Yoast SEO plugin v19.13 - https:\/\/yoast.com\/wordpress\/plugins\/seo\/ -->\n<title>Manteniments integrals - IGP Control<\/title>\n<meta name=\"robots\" content=\"index, follow, max-snippet:-1, max-image-preview:large, max-video-preview:-1\" \/>\n<link rel=\"canonical\" href=\"https:\/\/igpcontrol.com\/mantenimientos-integrales\/\" \/>\n<meta property=\"og:locale\" content=\"ca_ES\" \/>\n<meta property=\"og:type\" content=\"article\" \/>\n<meta property=\"og:title\" content=\"[:es]Mantenimientos integrales[:ca]Manteniments integrals[:en]Integral maintenance[:] - IGP Control\" \/>\n<meta property=\"og:description\" content=\"MANTENIMENTS INTEGRALS En un mercat tan competitiu, les instal\u00b7lacions d&#8217;equipament actiu dels edificis, s&#8217;ha convertit en una eina imprescindible. El seu funcionament ininterromput tots els dies de la setmana, aix\u00ed com un manteniment preventiu i correctiu s\u00f3n una de les claus de l&#8217;\u00e8xit de les empreses en els seus processos productius. IGP CONTROL ofereix una modalitat de servei les 24 hores del dia els 7 dies de la setmana o b\u00e9 un servei de 24 hores els 5 dies laborals, sempre amb un temps de resposta no superior de 4 hores i en funci\u00f3 de l&#8217;\u00e0rea geogr\u00e0fica. El servei 24 hores amb atenci\u00f3 personalitzada, permet als nostres clients amb contracte de manteniment treballar de forma continuada, evitant qualsevol alentiment originada per possibles fallades en els sistemes.\" \/>\n<meta property=\"og:url\" content=\"https:\/\/igpcontrol.com\/mantenimientos-integrales\/\" \/>\n<meta property=\"og:site_name\" content=\"IGP Control\" \/>\n<meta property=\"article:modified_time\" content=\"2017-02-03T12:25:10+00:00\" \/>\n<meta name=\"twitter:card\" content=\"summary_large_image\" \/>\n<meta name=\"twitter:label1\" content=\"Temps estimat de lectura\" \/>\n\t<meta name=\"twitter:data1\" content=\"2 minuts\" \/>\n<script type=\"application\/ld+json\" class=\"yoast-schema-graph\">{\"@context\":\"https:\/\/schema.org\",\"@graph\":[{\"@type\":\"WebPage\",\"@id\":\"https:\/\/igpcontrol.com\/mantenimientos-integrales\/\",\"url\":\"https:\/\/igpcontrol.com\/mantenimientos-integrales\/\",\"name\":\"[:es]Mantenimientos integrales[:ca]Manteniments integrals[:en]Integral maintenance[:] - IGP Control\",\"isPartOf\":{\"@id\":\"https:\/\/igpcontrol.com\/#website\"},\"datePublished\":\"2017-01-11T10:32:52+00:00\",\"dateModified\":\"2017-02-03T12:25:10+00:00\",\"breadcrumb\":{\"@id\":\"https:\/\/igpcontrol.com\/mantenimientos-integrales\/#breadcrumb\"},\"inLanguage\":\"ca\",\"potentialAction\":[{\"@type\":\"ReadAction\",\"target\":[\"https:\/\/igpcontrol.com\/mantenimientos-integrales\/\"]}]},{\"@type\":\"BreadcrumbList\",\"@id\":\"https:\/\/igpcontrol.com\/mantenimientos-integrales\/#breadcrumb\",\"itemListElement\":[{\"@type\":\"ListItem\",\"position\":1,\"name\":\"Portada\",\"item\":\"https:\/\/igpcontrol.com\/\"},{\"@type\":\"ListItem\",\"position\":2,\"name\":\"Mantenimientos integrales\"}]},{\"@type\":\"WebSite\",\"@id\":\"https:\/\/igpcontrol.com\/#website\",\"url\":\"https:\/\/igpcontrol.com\/\",\"name\":\"IGP Control\",\"description\":\"Implantaci\u00f3n y Gesti\u00f3n de proyectos\",\"potentialAction\":[{\"@type\":\"SearchAction\",\"target\":{\"@type\":\"EntryPoint\",\"urlTemplate\":\"https:\/\/igpcontrol.com\/?s={search_term_string}\"},\"query-input\":\"required name=search_term_string\"}],\"inLanguage\":\"ca\"}]}<\/script>\n<!-- \/ Yoast SEO plugin. -->","yoast_head_json":{"title":"[:es]Mantenimientos integrales[:ca]Manteniments integrals[:en]Integral maintenance[:] - IGP Control","robots":{"index":"index","follow":"follow","max-snippet":"max-snippet:-1","max-image-preview":"max-image-preview:large","max-video-preview":"max-video-preview:-1"},"canonical":"https:\/\/igpcontrol.com\/mantenimientos-integrales\/","og_locale":"ca_ES","og_type":"article","og_title":"[:es]Mantenimientos integrales[:ca]Manteniments integrals[:en]Integral maintenance[:] - IGP Control","og_description":"MANTENIMENTS INTEGRALS En un mercat tan competitiu, les instal\u00b7lacions d&#8217;equipament actiu dels edificis, s&#8217;ha convertit en una eina imprescindible. El seu funcionament ininterromput tots els dies de la setmana, aix\u00ed com un manteniment preventiu i correctiu s\u00f3n una de les claus de l&#8217;\u00e8xit de les empreses en els seus processos productius. IGP CONTROL ofereix una modalitat de servei les 24 hores del dia els 7 dies de la setmana o b\u00e9 un servei de 24 hores els 5 dies laborals, sempre amb un temps de resposta no superior de 4 hores i en funci\u00f3 de l&#8217;\u00e0rea geogr\u00e0fica. El servei 24 hores amb atenci\u00f3 personalitzada, permet als nostres clients amb contracte de manteniment treballar de forma continuada, evitant qualsevol alentiment originada per possibles fallades en els sistemes.","og_url":"https:\/\/igpcontrol.com\/mantenimientos-integrales\/","og_site_name":"IGP Control","article_modified_time":"2017-02-03T12:25:10+00:00","twitter_card":"summary_large_image","twitter_misc":{"Temps estimat de lectura":"2 minuts"},"schema":{"@context":"https:\/\/schema.org","@graph":[{"@type":"WebPage","@id":"https:\/\/igpcontrol.com\/mantenimientos-integrales\/","url":"https:\/\/igpcontrol.com\/mantenimientos-integrales\/","name":"[:es]Mantenimientos integrales[:ca]Manteniments integrals[:en]Integral maintenance[:] - IGP Control","isPartOf":{"@id":"https:\/\/igpcontrol.com\/#website"},"datePublished":"2017-01-11T10:32:52+00:00","dateModified":"2017-02-03T12:25:10+00:00","breadcrumb":{"@id":"https:\/\/igpcontrol.com\/mantenimientos-integrales\/#breadcrumb"},"inLanguage":"ca","potentialAction":[{"@type":"ReadAction","target":["https:\/\/igpcontrol.com\/mantenimientos-integrales\/"]}]},{"@type":"BreadcrumbList","@id":"https:\/\/igpcontrol.com\/mantenimientos-integrales\/#breadcrumb","itemListElement":[{"@type":"ListItem","position":1,"name":"Portada","item":"https:\/\/igpcontrol.com\/"},{"@type":"ListItem","position":2,"name":"Mantenimientos integrales"}]},{"@type":"WebSite","@id":"https:\/\/igpcontrol.com\/#website","url":"https:\/\/igpcontrol.com\/","name":"IGP Control","description":"Implantaci\u00f3n y Gesti\u00f3n de proyectos","potentialAction":[{"@type":"SearchAction","target":{"@type":"EntryPoint","urlTemplate":"https:\/\/igpcontrol.com\/?s={search_term_string}"},"query-input":"required name=search_term_string"}],"inLanguage":"ca"}]}},"_links":{"self":[{"href":"https:\/\/igpcontrol.com\/ca\/wp-json\/wp\/v2\/pages\/70"}],"collection":[{"href":"https:\/\/igpcontrol.com\/ca\/wp-json\/wp\/v2\/pages"}],"about":[{"href":"https:\/\/igpcontrol.com\/ca\/wp-json\/wp\/v2\/types\/page"}],"author":[{"embeddable":true,"href":"https:\/\/igpcontrol.com\/ca\/wp-json\/wp\/v2\/users\/1"}],"replies":[{"embeddable":true,"href":"https:\/\/igpcontrol.com\/ca\/wp-json\/wp\/v2\/comments?post=70"}],"version-history":[{"count":9,"href":"https:\/\/igpcontrol.com\/ca\/wp-json\/wp\/v2\/pages\/70\/revisions"}],"predecessor-version":[{"id":477,"href":"https:\/\/igpcontrol.com\/ca\/wp-json\/wp\/v2\/pages\/70\/revisions\/477"}],"wp:attachment":[{"href":"https:\/\/igpcontrol.com\/ca\/wp-json\/wp\/v2\/media?parent=70"}],"curies":[{"name":"wp","href":"https:\/\/api.w.org\/{rel}","templated":true}]}}